{"id":115,"date":"2024-03-12T11:15:29","date_gmt":"2024-03-12T14:15:29","guid":{"rendered":"https:\/\/suamelhorrota.com\/?page_id=115"},"modified":"2024-03-14T16:33:19","modified_gmt":"2024-03-14T19:33:19","slug":"roteirizador-plano-basico","status":"publish","type":"page","link":"https:\/\/suamelhorrota.com\/index.php\/roteirizador-plano-basico\/","title":{"rendered":"Roteirizador (Plano B\u00e1sico)"},"content":{"rendered":"<div class=\"pmpro_content_message\">Este conte\u00fado \u00e9 apenas para associados Plano B\u00e1sico.<br \/><a href=\"https:\/\/suamelhorrota.com\/index.php\/login\/\">Acessar<\/a> <a href=\"https:\/\/suamelhorrota.com\/index.php\/conta-de-associacao\/niveis-de-associacao\/\">Associe-se<\/a><\/div>","protected":false},"excerpt":{"rendered":"<div class=\"pmpro_content_message\">Este conte\u00fado \u00e9 apenas para associados Plano B\u00e1sico.<br \/><a href=\"https:\/\/suamelhorrota.com\/index.php\/login\/\">Acessar<\/a> <a href=\"https:\/\/suamelhorrota.com\/index.php\/conta-de-associacao\/niveis-de-associacao\/\">Associe-se<\/a><\/div>","protected":false},"author":1,"featured_media":0,"parent":0,"menu_order":0,"comment_status":"closed","ping_status":"closed","template":"elementor_header_footer","meta":{"pmpro_default_level":0,"footnotes":""},"_links":{"self":[{"href":"https:\/\/suamelhorrota.com\/index.php\/wp-json\/wp\/v2\/pages\/115"}],"collection":[{"href":"https:\/\/suamelhorrota.com\/index.php\/wp-json\/wp\/v2\/pages"}],"about":[{"href":"https:\/\/suamelhorrota.com\/index.php\/wp-json\/wp\/v2\/types\/page"}],"author":[{"embeddable":true,"href":"https:\/\/suamelhorrota.com\/index.php\/wp-json\/wp\/v2\/users\/1"}],"replies":[{"embeddable":true,"href":"https:\/\/suamelhorrota.com\/index.php\/wp-json\/wp\/v2\/comments?post=115"}],"version-history":[{"count":74,"href":"https:\/\/suamelhorrota.com\/index.php\/wp-json\/wp\/v2\/pages\/115\/revisions"}],"predecessor-version":[{"id":208,"href":"https:\/\/suamelhorrota.com\/index.php\/wp-json\/wp\/v2\/pages\/115\/revisions\/208"}],"wp:attachment":[{"href":"https:\/\/suamelhorrota.com\/index.php\/wp-json\/wp\/v2\/media?parent=115"}],"curies":[{"name":"wp","href":"https:\/\/api.w.org\/{rel}","templated":true}]}}