{"id":17,"date":"2024-03-04T19:00:02","date_gmt":"2024-03-04T22:00:02","guid":{"rendered":"https:\/\/suamelhorrota.com\/?page_id=17"},"modified":"2024-03-04T19:00:02","modified_gmt":"2024-03-04T22:00:02","slug":"niveis-de-associacao","status":"publish","type":"page","link":"https:\/\/suamelhorrota.com\/index.php\/conta-de-associacao\/niveis-de-associacao\/","title":{"rendered":"N\u00edveis de associa\u00e7\u00e3o"},"content":{"rendered":"<p>[pmpro_levels]<\/p>\n","protected":false},"excerpt":{"rendered":"<p>[pmpro_levels]<\/p>\n","protected":false},"author":1,"featured_media":0,"parent":11,"menu_order":0,"comment_status":"closed","ping_status":"closed","template":"","meta":{"pmpro_default_level":0,"footnotes":""},"_links":{"self":[{"href":"https:\/\/suamelhorrota.com\/index.php\/wp-json\/wp\/v2\/pages\/17"}],"collection":[{"href":"https:\/\/suamelhorrota.com\/index.php\/wp-json\/wp\/v2\/pages"}],"about":[{"href":"https:\/\/suamelhorrota.com\/index.php\/wp-json\/wp\/v2\/types\/page"}],"author":[{"embeddable":true,"href":"https:\/\/suamelhorrota.com\/index.php\/wp-json\/wp\/v2\/users\/1"}],"replies":[{"embeddable":true,"href":"https:\/\/suamelhorrota.com\/index.php\/wp-json\/wp\/v2\/comments?post=17"}],"version-history":[{"count":0,"href":"https:\/\/suamelhorrota.com\/index.php\/wp-json\/wp\/v2\/pages\/17\/revisions"}],"up":[{"embeddable":true,"href":"https:\/\/suamelhorrota.com\/index.php\/wp-json\/wp\/v2\/pages\/11"}],"wp:attachment":[{"href":"https:\/\/suamelhorrota.com\/index.php\/wp-json\/wp\/v2\/media?parent=17"}],"curies":[{"name":"wp","href":"https:\/\/api.w.org\/{rel}","templated":true}]}}